{"id":7,"date":"2023-01-11T22:04:18","date_gmt":"2023-01-11T21:04:18","guid":{"rendered":"https:\/\/atrigos.com\/?page_id=7"},"modified":"2023-06-11T20:39:50","modified_gmt":"2023-06-11T18:39:50","slug":"home","status":"publish","type":"page","link":"https:\/\/atrigos.com\/","title":{"rendered":"Home"},"content":{"rendered":"<p>[vc_row][vc_column]\n\t\t\t<!-- START Slider 1 REVOLUTION SLIDER 6.4.5 --><p class=\"rs-p-wp-fix\"><\/p>\n\t\t\t<rs-module-wrap id=\"rev_slider_1_1_wrapper\" data-source=\"gallery\" style=\"background:transparent;padding:0;margin:0px auto;margin-top:0;margin-bottom:0;\">\n\t\t\t\t<rs-module id=\"rev_slider_1_1\" style=\"\" data-version=\"6.4.5\">\n\t\t\t\t\t<rs-slides>\n\t\t\t\t\t\t<rs-slide data-key=\"rs-1\" data-title=\"Slide\" data-in=\"o:0;\" data-out=\"a:false;\">\n\t\t\t\t\t\t\t<img loading=\"lazy\" decoding=\"async\" src=\"\/\/atrigos.com\/wp-content\/uploads\/2023\/01\/glenn-carstens-peters-npxXWgQ33ZQ-unsplash.jpg\" title=\"glenn-carstens-peters-npxXWgQ33ZQ-unsplash\" width=\"1920\" height=\"1277\" class=\"rev-slidebg tp-rs-img\" data-bg=\"p:-30% -70%;f:auto;\" data-no-retina>\n<!--\n\t\t\t\t\t\t\t--><rs-layer\n\t\t\t\t\t\t\t\tid=\"slider-1-slide-1-layer-1\" \n\t\t\t\t\t\t\t\tdata-type=\"text\"\n\t\t\t\t\t\t\t\tdata-color=\"#34aadc\"\n\t\t\t\t\t\t\t\tdata-rsp_ch=\"on\"\n\t\t\t\t\t\t\t\tdata-xy=\"xo:59px,59px,36px,32px;yo:39px,39px,24px,47px;\"\n\t\t\t\t\t\t\t\tdata-text=\"w:normal;s:40,40,33,33;l:50,50,31,30;fw:900;a:left,left,left,center;\"\n\t\t\t\t\t\t\t\tdata-dim=\"w:826px,826px,715px,416px;h:auto,auto,auto,170px;minh:0px,0px,none,none;\"\n\t\t\t\t\t\t\t\tdata-frame_1=\"st:1010;sp:900;sR:1010;\"\n\t\t\t\t\t\t\t\tdata-frame_999=\"o:0;st:w;sR:7090;\"\n\t\t\t\t\t\t\t\tstyle=\"z-index:9;font-family:Roboto;text-transform:uppercase;\"\n\t\t\t\t\t\t\t>Unleash Your Website's Potential with Our Web Development Services \n\t\t\t\t\t\t\t<\/rs-layer><!--\n\n\t\t\t\t\t\t\t--><rs-layer\n\t\t\t\t\t\t\t\tid=\"slider-1-slide-1-layer-4\" \n\t\t\t\t\t\t\t\tdata-type=\"text\"\n\t\t\t\t\t\t\t\tdata-color=\"#777777||#777777||#ffffff||#c9c9c9\"\n\t\t\t\t\t\t\t\tdata-rsp_ch=\"on\"\n\t\t\t\t\t\t\t\tdata-xy=\"xo:229px,229px,120px,19px;yo:208px,208px,162px,299px;\"\n\t\t\t\t\t\t\t\tdata-text=\"w:normal;s:30,30,25,26;l:40,40,25,26;ls:1,1,0,0;fw:500;a:left,left,left,center;\"\n\t\t\t\t\t\t\t\tdata-dim=\"w:1074px,1074px,634px,448px;minh:0px,0px,none,none;\"\n\t\t\t\t\t\t\t\tdata-frame_1=\"st:1930;sp:900;sR:1930;\"\n\t\t\t\t\t\t\t\tdata-frame_999=\"o:0;st:w;sR:6170;\"\n\t\t\t\t\t\t\t\tstyle=\"z-index:10;font-family:Roboto;\"\n\t\t\t\t\t\t\t>Customized web development solutions for web content development page optimization and user experience \n\t\t\t\t\t\t\t<\/rs-layer><!--\n-->\t\t\t\t\t\t<\/rs-slide>\n\t\t\t\t\t\t<rs-slide data-key=\"rs-2\" data-title=\"Slide\" data-in=\"o:0;\" data-out=\"a:false;\">\n\t\t\t\t\t\t\t<img loading=\"lazy\" decoding=\"async\" src=\"\/\/atrigos.com\/wp-content\/uploads\/2023\/01\/alexandre-debieve-FO7JIlwjOtU-unsplash.jpg\" title=\"alexandre-debieve-FO7JIlwjOtU-unsplash\" width=\"1920\" height=\"1280\" class=\"rev-slidebg tp-rs-img\" data-bg=\"p:0% -50%;f:auto;\" data-no-retina>\n<!--\n\t\t\t\t\t\t\t--><rs-layer\n\t\t\t\t\t\t\t\tid=\"slider-1-slide-2-layer-1\" \n\t\t\t\t\t\t\t\tdata-type=\"text\"\n\t\t\t\t\t\t\t\tdata-color=\"#34aadc\"\n\t\t\t\t\t\t\t\tdata-rsp_ch=\"on\"\n\t\t\t\t\t\t\t\tdata-xy=\"xo:59px,59px,36px,26px;yo:39px,39px,24px,115px;\"\n\t\t\t\t\t\t\t\tdata-text=\"w:normal;s:40,40,25,36;l:50,50,31,31;fw:900;a:left,left,left,center;\"\n\t\t\t\t\t\t\t\tdata-dim=\"w:826px,826px,518px,443px;minh:0px,0px,none,none;\"\n\t\t\t\t\t\t\t\tdata-frame_1=\"st:1000;sp:900;sR:1000;\"\n\t\t\t\t\t\t\t\tdata-frame_999=\"o:0;st:w;sR:1100;\"\n\t\t\t\t\t\t\t\tstyle=\"z-index:9;font-family:Roboto;text-transform:uppercase;\"\n\t\t\t\t\t\t\t>Expert IT Support for Your online Business \n\t\t\t\t\t\t\t<\/rs-layer><!--\n\n\t\t\t\t\t\t\t--><rs-layer\n\t\t\t\t\t\t\t\tid=\"slider-1-slide-2-layer-4\" \n\t\t\t\t\t\t\t\tdata-type=\"text\"\n\t\t\t\t\t\t\t\tdata-rsp_ch=\"on\"\n\t\t\t\t\t\t\t\tdata-xy=\"xo:412px,412px,180px,60px;yo:246px,246px,162px,307px;\"\n\t\t\t\t\t\t\t\tdata-text=\"w:normal;s:30,30,18,25;l:40,40,25,25;ls:1,1,0,0;fw:500;a:left,left,left,center;\"\n\t\t\t\t\t\t\t\tdata-dim=\"w:918px,918px,575px,354px;minh:0px,0px,none,none;\"\n\t\t\t\t\t\t\t\tdata-frame_1=\"st:1890;sp:900;sR:1890;\"\n\t\t\t\t\t\t\t\tdata-frame_999=\"o:0;st:w;sR:810;\"\n\t\t\t\t\t\t\t\tstyle=\"z-index:10;font-family:Roboto;\"\n\t\t\t\t\t\t\t>Reliable, fast, and cost-effective solutions for all your technology needs \n\t\t\t\t\t\t\t<\/rs-layer><!--\n-->\t\t\t\t\t\t<\/rs-slide>\n\t\t\t\t\t<\/rs-slides>\n\t\t\t\t<\/rs-module>\n\t\t\t\t<script type=\"text\/javascript\">\n\t\t\t\t\tsetREVStartSize({c: 'rev_slider_1_1',rl:[1240,1240,778,480],el:[550,550,400,720],gw:[1240,1240,778,480],gh:[550,550,400,720],type:'standard',justify:'',layout:'fullwidth',mh:\"0\"});\n\t\t\t\t\tvar\trevapi1,\n\t\t\t\t\t\ttpj;\n\t\t\t\t\tfunction revinit_revslider11() {\n\t\t\t\t\tjQuery(function() {\n\t\t\t\t\t\ttpj = jQuery;\n\t\t\t\t\t\trevapi1 = tpj(\"#rev_slider_1_1\");\n\t\t\t\t\t\tif(revapi1==undefined || revapi1.revolution == undefined){\n\t\t\t\t\t\t\trevslider_showDoubleJqueryError(\"rev_slider_1_1\");\n\t\t\t\t\t\t}else{\n\t\t\t\t\t\t\trevapi1.revolution({\n\t\t\t\t\t\t\t\tsliderLayout:\"fullwidth\",\n\t\t\t\t\t\t\t\tduration:\"5000ms\",\n\t\t\t\t\t\t\t\tvisibilityLevels:\"1240,1240,778,480\",\n\t\t\t\t\t\t\t\tgridwidth:\"1240,1240,778,480\",\n\t\t\t\t\t\t\t\tgridheight:\"550,550,400,720\",\n\t\t\t\t\t\t\t\tperspective:600,\n\t\t\t\t\t\t\t\tperspectiveType:\"global\",\n\t\t\t\t\t\t\t\teditorheight:\"550,768,400,720\",\n\t\t\t\t\t\t\t\tresponsiveLevels:\"1240,1240,778,480\",\n\t\t\t\t\t\t\t\tprogressBar:{disableProgressBar:true},\n\t\t\t\t\t\t\t\tnavigation: {\n\t\t\t\t\t\t\t\t\tonHoverStop:false\n\t\t\t\t\t\t\t\t},\n\t\t\t\t\t\t\t\tfallbacks: {\n\t\t\t\t\t\t\t\t\tallowHTML5AutoPlayOnAndroid:true\n\t\t\t\t\t\t\t\t},\n\t\t\t\t\t\t\t});\n\t\t\t\t\t\t}\n\t\t\t\t\t\t\n\t\t\t\t\t});\n\t\t\t\t\t} \/\/ End of RevInitScript\n\t\t\t\tvar once_revslider11 = false;\n\t\t\t\tif (document.readyState === \"loading\") {document.addEventListener('readystatechange',function() { if((document.readyState === \"interactive\" || document.readyState === \"complete\") && !once_revslider11 ) { once_revslider11 = true; revinit_revslider11();}});} else {once_revslider11 = true; revinit_revslider11();}\n\t\t\t\t<\/script>\n\t\t\t<\/rs-module-wrap>\n\t\t\t<!-- END REVOLUTION SLIDER -->\n[\/vc_column][\/vc_row][vc_row][vc_column][vc_empty_space][\/vc_column][\/vc_row][vc_row][vc_column][vc_row_inner][vc_column_inner width=&#8220;1\/3&#8243;][vc_hoverbox image=&#8220;18&#8243; primary_title=&#8220;Remote support&#8220; primary_title_font_container=&#8220;color:%23ffffff&#8220; hover_title=&#8220;Remote support&#8220; css_animation=&#8220;fadeInLeftBig&#8220; use_custom_fonts_primary_title=&#8220;true&#8220;]<\/p>\n<p style=\"text-align: center;\">Allows for quick resolution of issues, saves you time and money.<\/p>\n<p>[\/vc_hoverbox][\/vc_column_inner][vc_column_inner width=&#8220;1\/3&#8243;][vc_hoverbox image=&#8220;17&#8243; primary_title=&#8220;High precision&#8220; primary_title_font_container=&#8220;color:%23ffffff&#8220; hover_title=&#8220;High precision&#8220; css_animation=&#8220;rotateInUpRight&#8220; use_custom_fonts_primary_title=&#8220;true&#8220;]<\/p>\n<p style=\"text-align: center;\">Our goal is to be precise and do all work with maximum effort and attention to detail.<\/p>\n<p>[\/vc_hoverbox][\/vc_column_inner][vc_column_inner width=&#8220;1\/3&#8243;][vc_hoverbox image=&#8220;21&#8243; primary_title=&#8220;Individual approach&#8220; primary_title_font_container=&#8220;color:%23ffffff&#8220; hover_title=&#8220;Individual approach&#8220; css_animation=&#8220;fadeInRightBig&#8220; use_custom_fonts_primary_title=&#8220;true&#8220;]<\/p>\n<p style=\"text-align: center;\">We provide individual solutions for each customer.<\/p>\n<p>[\/vc_hoverbox][\/vc_column_inner][\/vc_row_inner][vc_empty_space][vc_row_inner el_id=&#8220;aboutUs&#8220;][vc_column_inner][vc_custom_heading text=&#8220;About Us&#8220; font_container=&#8220;tag:h2|text_align:center&#8220; css_animation=&#8220;fadeInRight&#8220;][vc_column_text css_animation=&#8220;slideInLeft&#8220;]Welcome to Atrigos Technology, your leading provider of web development services for all your technology needs. We specialize in web content development, web development, page optimization, user experience, and content provision. Our mission is to help businesses elevate their online presence and drive more traffic to their websites. Our team of certified technicians has the expertise and experience to provide reliable and cost-effective solutions for businesses of all sizes. We&#8217;re dedicated to providing our clients with the tools and support they need to succeed online. Let us help you take your business to the next level.<\/p>\n<p>Our company specializes in research and analysis of your target audience and competitors to create content that will effectively communicate your message and drive conversions. We use the latest technologies and industry best practices to create a visually stunning and fully functional website. Workflow includes the use of tools such as Google Analytics and heat mapping to identify areas for improvement and implement changes to increase page speed and user engagement. We are conducting user testing and creating wireframes and prototypes to ensure that your website is intuitive and easy to navigate. Established relationship with experienced writers to create high-quality, original content that will establish your brand and engage your audience.[\/vc_column_text][\/vc_column_inner][\/vc_row_inner][vc_empty_space][vc_custom_heading text=&#8220;Our services&#8220; font_container=&#8220;tag:h2|text_align:center&#8220; css_animation=&#8220;fadeInLeft&#8220; el_id=&#8220;ourServices&#8220;][vc_row_inner][vc_column_inner width=&#8220;1\/2&#8243;][vc_single_image image=&#8220;15&#8243; img_size=&#8220;large&#8220; alignment=&#8220;center&#8220; css_animation=&#8220;fadeInRight&#8220;][\/vc_column_inner][vc_column_inner width=&#8220;1\/2&#8243;][vc_column_text css_animation=&#8220;slideInLeft&#8220;]<\/p>\n<ul>\n<li>Web Content Development: We&#8217;ll help you create compelling, SEO-friendly content that will engage your audience and boost your search engine rankings.<\/li>\n<\/ul>\n<ul>\n<li>Page Optimization: We&#8217;ll help you optimize your website for maximum performance and speed, ensuring that your pages load quickly and smoothly.<\/li>\n<\/ul>\n<ul>\n<li>User Experience: We&#8217;ll help you design a website that is easy to navigate and user-friendly, ensuring that your visitors have a positive experience.<\/li>\n<\/ul>\n<ul>\n<li>Content Provision: We can provide you with high-quality, original content that will help you establish your brand and attract more visitors to your site.<\/li>\n<\/ul>\n<p>[\/vc_column_text][\/vc_column_inner][\/vc_row_inner][vc_empty_space][vc_custom_heading text=&#8220;Features&#8220; font_container=&#8220;tag:h2|text_align:center&#8220; css_animation=&#8220;fadeInLeft&#8220; el_id=&#8220;features&#8220;][vc_row_inner][vc_column_inner width=&#8220;1\/2&#8243; offset=&#8220;vc_hidden-xs&#8220;][vc_column_text css_animation=&#8220;slideInLeft&#8220;]<\/p>\n<ul>\n<li>Our remote support service allows our team to remotely connect to your devices and provide support as if they were on-site. This allows for quick resolution of issues, and it can also save you time and money.<\/li>\n<\/ul>\n<ul>\n<li>Network setup service includes configuring and setting up your domain, server, router, switches, postback and other networking tools or equipment. We also ensure that your network is properly secured to prevent unauthorized access.<\/li>\n<\/ul>\n<ul>\n<li>Software installation service includes the installation, configuration and troubleshoot of various software including anti-virus, productivity suites, remote access solutions and others.<\/li>\n<\/ul>\n<p>[\/vc_column_text][\/vc_column_inner][vc_column_inner width=&#8220;1\/2&#8243; offset=&#8220;vc_hidden-xs&#8220;][vc_single_image image=&#8220;19&#8243; img_size=&#8220;large&#8220; css_animation=&#8220;fadeInRight&#8220;][\/vc_column_inner][\/vc_row_inner][vc_row_inner][vc_column_inner width=&#8220;1\/2&#8243; offset=&#8220;vc_hidden-lg vc_hidden-md vc_hidden-sm&#8220;][vc_single_image image=&#8220;19&#8243; img_size=&#8220;large&#8220; css_animation=&#8220;fadeInRight&#8220;][\/vc_column_inner][vc_column_inner width=&#8220;1\/2&#8243; offset=&#8220;vc_hidden-lg vc_hidden-md vc_hidden-sm&#8220;][vc_column_text css_animation=&#8220;slideInLeft&#8220;]<\/p>\n<ul>\n<li>Our remote support service allows our team to remotely connect to your devices and provide support as if they were on-site. This allows for quick resolution of issues, and it can also save you time and money.<\/li>\n<\/ul>\n<ul>\n<li>Network setup service includes configuring and setting up your domain, server, router, switches, postback and other networking tools or equipment. We also ensure that your network is properly secured to prevent unauthorized access.<\/li>\n<\/ul>\n<ul>\n<li>Software installation service includes the installation, configuration and troubleshoot of various software including anti-virus, productivity suites, remote access solutions and others.<\/li>\n<\/ul>\n<p>[\/vc_column_text][\/vc_column_inner][\/vc_row_inner][vc_empty_space][vc_row_inner disable_element=&#8220;yes&#8220;][vc_column_inner][vc_custom_heading text=&#8220;The Newest reviews&#8220; font_container=&#8220;tag:h2|text_align:center&#8220; css_animation=&#8220;fadeInRight&#8220;][vc_images_carousel images=&#8220;24,22,21,20,18,19,17,16,15,14&#8243; img_size=&#8220;large&#8220; onclick=&#8220;link_no&#8220; speed=&#8220;2000&#8243; slides_per_view=&#8220;5&#8243; autoplay=&#8220;yes&#8220; hide_pagination_control=&#8220;yes&#8220; hide_prev_next_buttons=&#8220;yes&#8220; wrap=&#8220;yes&#8220; css_animation=&#8220;none&#8220;][vc_empty_space][\/vc_column_inner][\/vc_row_inner][vc_row_inner el_id=&#8220;contactUs&#8220;][vc_column_inner][vc_custom_heading text=&#8220;Contact Us&#8220; font_container=&#8220;tag:h2|text_align:center&#8220; css_animation=&#8220;fadeInRight&#8220;][\/vc_column_inner][vc_column_inner width=&#8220;1\/2&#8243;][vc_column_text css_animation=&#8220;lightSpeedIn&#8220;]\n<div class=\"wpcf7 no-js\" id=\"wpcf7-f46-o1\" lang=\"cs-CZ\" dir=\"ltr\" data-wpcf7-id=\"46\">\n<div class=\"screen-reader-response\"><p role=\"status\" aria-live=\"polite\" aria-atomic=\"true\"><\/p> <ul><\/ul><\/div>\n<form action=\"\/index.php?rest_route=%2Fwp%2Fv2%2Fpages%2F7#wpcf7-f46-o1\" method=\"post\" class=\"wpcf7-form init\" aria-label=\"Kontaktn\u00ed formul\u00e1\u0159\" novalidate=\"novalidate\" data-status=\"init\">\n<div style=\"display: none;\">\n<input type=\"hidden\" name=\"_wpcf7\" value=\"46\" \/>\n<input type=\"hidden\" name=\"_wpcf7_version\" value=\"6.0.3\" \/>\n<input type=\"hidden\" name=\"_wpcf7_locale\" value=\"cs_CZ\" \/>\n<input type=\"hidden\" name=\"_wpcf7_unit_tag\" value=\"wpcf7-f46-o1\" \/>\n<input type=\"hidden\" name=\"_wpcf7_container_post\" value=\"0\" \/>\n<input type=\"hidden\" name=\"_wpcf7_posted_data_hash\" value=\"\" \/>\n<\/div>\n<p><label> Your name<br \/>\n<span class=\"wpcf7-form-control-wrap\" data-name=\"your-name\"><input size=\"40\" maxlength=\"400\" class=\"wpcf7-form-control wpcf7-text wpcf7-validates-as-required\" autocomplete=\"name\" aria-required=\"true\" aria-invalid=\"false\" value=\"\" type=\"text\" name=\"your-name\" \/><\/span> <\/label>\n<\/p>\n<p><label> Your e-mail<br \/>\n<span class=\"wpcf7-form-control-wrap\" data-name=\"your-email\"><input size=\"40\" maxlength=\"400\" class=\"wpcf7-form-control wpcf7-email wpcf7-validates-as-required wpcf7-text wpcf7-validates-as-email\" autocomplete=\"email\" aria-required=\"true\" aria-invalid=\"false\" value=\"\" type=\"email\" name=\"your-email\" \/><\/span> <\/label>\n<\/p>\n<p><label> Your Message<br \/>\n<span class=\"wpcf7-form-control-wrap\" data-name=\"your-message\"><textarea cols=\"40\" rows=\"10\" maxlength=\"2000\" class=\"wpcf7-form-control wpcf7-textarea wpcf7-validates-as-required\" aria-required=\"true\" aria-invalid=\"false\" name=\"your-message\"><\/textarea><\/span> <\/label>\n<\/p>\n<p><input class=\"wpcf7-form-control wpcf7-submit has-spinner\" type=\"submit\" value=\"Send\" \/>\n<\/p><p style=\"display: none !important;\" class=\"akismet-fields-container\" data-prefix=\"_wpcf7_ak_\"><label>&#916;<textarea name=\"_wpcf7_ak_hp_textarea\" cols=\"45\" rows=\"8\" maxlength=\"100\"><\/textarea><\/label><input type=\"hidden\" id=\"ak_js_1\" name=\"_wpcf7_ak_js\" value=\"37\"\/><script>document.getElementById( \"ak_js_1\" ).setAttribute( \"value\", ( new Date() ).getTime() );<\/script><\/p><div class=\"wpcf7-response-output\" aria-hidden=\"true\"><\/div>\n<\/form>\n<\/div>\n[\/vc_column_text][\/vc_column_inner][vc_column_inner width=&#8220;1\/2&#8243;][vc_column_text css_animation=&#8220;zoomInLeft&#8220;]<\/p>\n<ul>\n<li><span data-sheets-formula-bar-text-style=\"font-size:16px;color:#374151;font-weight:normal;text-decoration:underline;font-family:'Arial';font-style:normal;text-decoration-skip-ink:none;\">Need to contact us? You can fill out the contact form.<\/span><\/li>\n<li><span data-sheets-formula-bar-text-style=\"font-size:16px;color:#374151;font-weight:normal;text-decoration:underline;font-family:'Arial';font-style:normal;text-decoration-skip-ink:none;\">Our e-mail: steve.a@atrigos.com<\/span><\/li>\n<li><span data-sheets-formula-bar-text-style=\"font-size:16px;color:#374151;font-weight:normal;text-decoration:underline;font-family:'Arial';font-style:normal;text-decoration-skip-ink:none;\">Our address: Saint Vincent and The Grenadines, P.O. BOX 1823, Kingstown, VC0100<\/span><\/li>\n<\/ul>\n<p>[\/vc_column_text][\/vc_column_inner][\/vc_row_inner][\/vc_column][\/vc_row]<\/p>\n","protected":false},"excerpt":{"rendered":"<p>[vc_row][vc_column][\/vc_column][\/vc_row][vc_row][vc_column][vc_empty_space][\/vc_column][\/vc_row][vc_row][vc_column][vc_row_inner][vc_column_inner width=&#8220;1\/3&#8243;][vc_hoverbox image=&#8220;18&#8243; primary_title=&#8220;Remote support&#8220; primary_title_font_container=&#8220;color:%23ffffff&#8220; hover_title=&#8220;Remote support&#8220; css_animation=&#8220;fadeInLeftBig&#8220; use_custom_fonts_primary_title=&#8220;true&#8220;] Allows for quick resolution of issues, saves you time and money. [\/vc_hoverbox][\/vc_column_inner][vc_column_inner width=&#8220;1\/3&#8243;][vc_hoverbox image=&#8220;17&#8243; primary_title=&#8220;High precision&#8220; primary_title_font_container=&#8220;color:%23ffffff&#8220; hover_title=&#8220;High precision&#8220; css_animation=&#8220;rotateInUpRight&#8220; use_custom_fonts_primary_title=&#8220;true&#8220;] Our goal is to be precise and do all work with maximum effort and attention to detail. [\/vc_hoverbox][\/vc_column_inner][vc_column_inner width=&#8220;1\/3&#8243;][vc_hoverbox image=&#8220;21&#8243; primary_title=&#8220;Individual approach&#8220; primary_title_font_container=&#8220;color:%23ffffff&#8220; hover_title=&#8220;Individual &#8230; <a title=\"Home\" class=\"read-more\" href=\"https:\/\/atrigos.com\/\" aria-label=\"Read more about Home\">\u010c\u00edst d\u00e1l<\/a><\/p>\n","protected":false},"author":1,"featured_media":0,"parent":0,"menu_order":0,"comment_status":"closed","ping_status":"closed","template":"","meta":{"footnotes":""},"class_list":["post-7","page","type-page","status-publish"],"_links":{"self":[{"href":"https:\/\/atrigos.com\/index.php?rest_route=\/wp\/v2\/pages\/7","targetHints":{"allow":["GET"]}}],"collection":[{"href":"https:\/\/atrigos.com\/index.php?rest_route=\/wp\/v2\/pages"}],"about":[{"href":"https:\/\/atrigos.com\/index.php?rest_route=\/wp\/v2\/types\/page"}],"author":[{"embeddable":true,"href":"https:\/\/atrigos.com\/index.php?rest_route=\/wp\/v2\/users\/1"}],"replies":[{"embeddable":true,"href":"https:\/\/atrigos.com\/index.php?rest_route=%2Fwp%2Fv2%2Fcomments&post=7"}],"version-history":[{"count":64,"href":"https:\/\/atrigos.com\/index.php?rest_route=\/wp\/v2\/pages\/7\/revisions"}],"predecessor-version":[{"id":132,"href":"https:\/\/atrigos.com\/index.php?rest_route=\/wp\/v2\/pages\/7\/revisions\/132"}],"wp:attachment":[{"href":"https:\/\/atrigos.com\/index.php?rest_route=%2Fwp%2Fv2%2Fmedia&parent=7"}],"curies":[{"name":"wp","href":"https:\/\/api.w.org\/{rel}","templated":true}]}}